{"id":116,"date":"2024-10-16T22:02:02","date_gmt":"2024-10-16T22:02:02","guid":{"rendered":"https:\/\/capm.blog\/?page_id=116"},"modified":"2024-10-22T15:22:47","modified_gmt":"2024-10-22T15:22:47","slug":"116-2","status":"publish","type":"page","link":"https:\/\/capm.blog\/","title":{"rendered":"Home"},"content":{"rendered":"\n<div class=\"wp-block-group is-vertical is-content-justification-stretch is-layout-flex wp-container-core-group-is-layout-1 wp-block-group-is-layout-flex\">\n<div class=\"wp-block-media-text is-stacked-on-mobile is-vertically-aligned-top is-style-default\"><figure class=\"wp-block-media-text__media\"><img decoding=\"async\" width=\"683\" height=\"1024\" src=\"https:\/\/capm.blog\/wp-content\/uploads\/2024\/10\/Coronel-7-683x1024.jpg\" alt=\"\" class=\"wp-image-63 size-full\" srcset=\"https:\/\/capm.blog\/wp-content\/uploads\/2024\/10\/Coronel-7-683x1024.jpg 683w, https:\/\/capm.blog\/wp-content\/uploads\/2024\/10\/Coronel-7-200x300.jpg 200w, https:\/\/capm.blog\/wp-content\/uploads\/2024\/10\/Coronel-7-768x1152.jpg 768w, https:\/\/capm.blog\/wp-content\/uploads\/2024\/10\/Coronel-7-1024x1536.jpg 1024w, https:\/\/capm.blog\/wp-content\/uploads\/2024\/10\/Coronel-7-1365x2048.jpg 1365w, https:\/\/capm.blog\/wp-content\/uploads\/2024\/10\/Coronel-7-scaled.jpg 1707w\" sizes=\"(max-width: 683px) 100vw, 683px\" \/><\/figure><div class=\"wp-block-media-text__content\">\n<h3 class=\"wp-block-heading\">CECILIO ANTONIO <br>PEL\u00c1EZ MORALES<\/h3>\n\n\n\n<p>Su vida se ha forjado en un camino de dedicaci\u00f3n a su pa\u00eds, caracterizado por una profunda vocaci\u00f3n de servicio y un constante esp\u00edritu de superaci\u00f3n.<\/p>\n\n\n\n<p>Desde joven, demostr\u00f3 una f\u00e9rrea disciplina y un firme compromiso que lo llevaron a ingresar a la Escuela Polit\u00e9cnica de Guatemala, donde se gradu\u00f3 como subteniente, dando inicio as\u00ed a su carrera militar.<\/p>\n\n\n\n<div class=\"wp-block-buttons is-content-justification-left is-layout-flex wp-container-core-buttons-is-layout-1 wp-block-buttons-is-layout-flex\">\n<div class=\"wp-block-button has-custom-width wp-block-button__width-100 has-custom-font-size is-style-fill\" style=\"font-size:24px\"><a class=\"wp-block-button__link has-background wp-element-button\" href=\"https:\/\/capm.blog\/?p=7\" style=\"border-radius:18px;background-color:#2e3d5b\">Ver Biograf\u00eda<\/a><\/div>\n<\/div>\n<\/div><\/div>\n<\/div>\n\n\n\n<hr class=\"wp-block-separator has-text-color has-alpha-channel-opacity has-background is-style-wide\" style=\"background-color:#a5a5a5;color:#a5a5a5\"\/>\n\n\n\n<h3 class=\"wp-block-heading\">Publicaciones<\/h3>\n\n\n\n<div class=\"wp-block-group is-vertical is-content-justification-stretch is-layout-flex wp-container-core-group-is-layout-2 wp-block-group-is-layout-flex\">\n<figure class=\"wp-block-image size-full is-resized\"><img decoding=\"async\" width=\"714\" height=\"937\" src=\"https:\/\/capm.blog\/wp-content\/uploads\/2024\/10\/portada.jpeg\" alt=\"\" class=\"wp-image-160\" style=\"object-fit:cover;width:417px;height:auto\" srcset=\"https:\/\/capm.blog\/wp-content\/uploads\/2024\/10\/portada.jpeg 714w, https:\/\/capm.blog\/wp-content\/uploads\/2024\/10\/portada-229x300.jpeg 229w\" sizes=\"(max-width: 714px) 100vw, 714px\" \/><\/figure>\n\n\n\n<div class=\"wp-block-buttons has-custom-font-size has-medium-font-size is-vertical is-content-justification-left is-nowrap is-layout-flex wp-container-core-buttons-is-layout-2 wp-block-buttons-is-layout-flex\">\n<div class=\"wp-block-button has-custom-width wp-block-button__width-75 has-custom-font-size is-style-fill has-medium-font-size\"><a class=\"wp-block-button__link has-background wp-element-button\" href=\"https:\/\/capm.blog\/?books=el-olvidado-norte-de-la-nacion-una-historia-inexplorada\" style=\"border-radius:18px;background-color:#2e3d5b\">VER M\u00c1S<\/a><\/div>\n<\/div>\n<\/div>\n\n\n\n<hr class=\"wp-block-separator has-text-color has-alpha-channel-opacity has-background is-style-wide\" style=\"background-color:#a5a5a5;color:#a5a5a5\"\/>\n\n\n\n<p>BLOG<\/p>\n\n\n\n<p>PODCAST<\/p>\n","protected":false},"excerpt":{"rendered":"<p>CECILIO ANTONIO PEL\u00c1EZ MORALES Su vida se ha forjado en un camino de dedicaci\u00f3n a su pa\u00eds, caracterizado por una profunda vocaci\u00f3n de servicio y un constante esp\u00edritu de superaci\u00f3n. Desde joven, demostr\u00f3 una f\u00e9rrea disciplina y un firme compromiso que lo [&hellip;]<\/p>\n","protected":false},"author":1,"featured_media":0,"parent":0,"menu_order":0,"comment_status":"closed","ping_status":"closed","template":"","meta":{"footnotes":""},"class_list":["post-116","page","type-page","status-publish","hentry"],"_links":{"self":[{"href":"https:\/\/capm.blog\/index.php?rest_route=\/wp\/v2\/pages\/116"}],"collection":[{"href":"https:\/\/capm.blog\/index.php?rest_route=\/wp\/v2\/pages"}],"about":[{"href":"https:\/\/capm.blog\/index.php?rest_route=\/wp\/v2\/types\/page"}],"author":[{"embeddable":true,"href":"https:\/\/capm.blog\/index.php?rest_route=\/wp\/v2\/users\/1"}],"replies":[{"embeddable":true,"href":"https:\/\/capm.blog\/index.php?rest_route=%2Fwp%2Fv2%2Fcomments&post=116"}],"version-history":[{"count":21,"href":"https:\/\/capm.blog\/index.php?rest_route=\/wp\/v2\/pages\/116\/revisions"}],"predecessor-version":[{"id":192,"href":"https:\/\/capm.blog\/index.php?rest_route=\/wp\/v2\/pages\/116\/revisions\/192"}],"wp:attachment":[{"href":"https:\/\/capm.blog\/index.php?rest_route=%2Fwp%2Fv2%2Fmedia&parent=116"}],"curies":[{"name":"wp","href":"https:\/\/api.w.org\/{rel}","templated":true}]}}